{"id":2,"date":"2022-03-07T18:48:19","date_gmt":"2022-03-07T18:48:19","guid":{"rendered":"https:\/\/isidrebartumeu.com\/?page_id=2"},"modified":"2022-04-27T11:25:46","modified_gmt":"2022-04-27T11:25:46","slug":"pagina-ejemplo","status":"publish","type":"page","link":"https:\/\/isidrebartumeu.com\/?page_id=2","title":{"rendered":""},"content":{"rendered":"\n<p>Bienvenidos a mi web personal.<\/p>\n\n\n\n<blockquote class=\"wp-block-quote is-layout-flow wp-block-quote-is-layout-flow\"><p>Soy Isidre Bartumeu, notario en el Principado de Andorra.<\/p><\/blockquote>\n\n\n\n<blockquote class=\"wp-block-quote is-layout-flow wp-block-quote-is-layout-flow\"><p>Soy licenciado en Derecho por la Universidad de Barcelona y en all\u00ed tambi\u00e9n hice mi doctorado en Derecho Constitucional y Ciencias Pol\u00edticas. <\/p><p>Fund\u00e9 la Notar\u00eda Bartumeu hace mas de 20 a\u00f1os y es una notar\u00eda moderna y consolidada que presta servicio  a personas, empresas y despachos profesionales.<\/p><\/blockquote>\n","protected":false},"excerpt":{"rendered":"<p>Bienvenidos a mi web personal. Soy Isidre Bartumeu, notario en el Principado de Andorra. Soy licenciado en Derecho por la Universidad de Barcelona y en all\u00ed tambi\u00e9n hice mi doctorado en Derecho Constitucional y Ciencias Pol\u00edticas. Fund\u00e9 la Notar\u00eda Bartumeu hace mas de 20 a\u00f1os y es una notar\u00eda moderna y consolidada que presta servicio [&hellip;]<\/p>\n","protected":false},"author":1,"featured_media":17,"parent":0,"menu_order":0,"comment_status":"closed","ping_status":"open","template":"","meta":{"footnotes":""},"class_list":["post-2","page","type-page","status-publish","has-post-thumbnail","hentry"],"_links":{"self":[{"href":"https:\/\/isidrebartumeu.com\/index.php?rest_route=\/wp\/v2\/pages\/2","targetHints":{"allow":["GET"]}}],"collection":[{"href":"https:\/\/isidrebartumeu.com\/index.php?rest_route=\/wp\/v2\/pages"}],"about":[{"href":"https:\/\/isidrebartumeu.com\/index.php?rest_route=\/wp\/v2\/types\/page"}],"author":[{"embeddable":true,"href":"https:\/\/isidrebartumeu.com\/index.php?rest_route=\/wp\/v2\/users\/1"}],"replies":[{"embeddable":true,"href":"https:\/\/isidrebartumeu.com\/index.php?rest_route=%2Fwp%2Fv2%2Fcomments&post=2"}],"version-history":[{"count":6,"href":"https:\/\/isidrebartumeu.com\/index.php?rest_route=\/wp\/v2\/pages\/2\/revisions"}],"predecessor-version":[{"id":35,"href":"https:\/\/isidrebartumeu.com\/index.php?rest_route=\/wp\/v2\/pages\/2\/revisions\/35"}],"wp:featuredmedia":[{"embeddable":true,"href":"https:\/\/isidrebartumeu.com\/index.php?rest_route=\/wp\/v2\/media\/17"}],"wp:attachment":[{"href":"https:\/\/isidrebartumeu.com\/index.php?rest_route=%2Fwp%2Fv2%2Fmedia&parent=2"}],"curies":[{"name":"wp","href":"https:\/\/api.w.org\/{rel}","templated":true}]}}