{"id":207,"date":"2017-09-07T14:05:20","date_gmt":"2017-09-07T14:05:20","guid":{"rendered":"http:\/\/demo.lion-coders.com\/wp\/hello\/?page_id=24"},"modified":"2022-06-24T09:58:54","modified_gmt":"2022-06-24T09:58:54","slug":"blog","status":"publish","type":"page","link":"https:\/\/isidrebartumeu.com\/?page_id=207","title":{"rendered":"BLOG"},"content":{"rendered":"<section class=\"kc-elm kc-css-24306 kc_row\"><div class=\"kc-row-container\"><div class=\"kc-wrap-columns\"><div class=\"kc-elm kc-css-13841 kc_col-sm-12 kc_column kc_col-sm-12\"><div class=\"kc-col-container\"><div class=\"block-content\">\r\n    <h3 class=\"block-title\">\r\n    Mi Blog    <\/h3>\r\n    <div class=\"row\">\r\n        <div class=\"col-md-10 mx-auto\">\r\n                                  \r\n            <div class=\"post-1 post type-post status-publish format-standard has-post-thumbnail hentry category-sin-categoria\">\r\n                                <div class=\"post-thumbnail\">\r\n                    <a class=\"open-post\" href=\"https:\/\/isidrebartumeu.com\/?p=1\">\r\n                    <img loading=\"lazy\" decoding=\"async\" width=\"1544\" height=\"864\" src=\"https:\/\/isidrebartumeu.com\/wp-content\/uploads\/2022\/03\/Captura-de-pantalla-2023-11-06-a-las-17.47.55.png\" class=\"attachment-post-thumbnail size-post-thumbnail wp-post-image\" alt=\"\" srcset=\"https:\/\/isidrebartumeu.com\/wp-content\/uploads\/2022\/03\/Captura-de-pantalla-2023-11-06-a-las-17.47.55.png 1544w, https:\/\/isidrebartumeu.com\/wp-content\/uploads\/2022\/03\/Captura-de-pantalla-2023-11-06-a-las-17.47.55-300x168.png 300w, https:\/\/isidrebartumeu.com\/wp-content\/uploads\/2022\/03\/Captura-de-pantalla-2023-11-06-a-las-17.47.55-1024x573.png 1024w, https:\/\/isidrebartumeu.com\/wp-content\/uploads\/2022\/03\/Captura-de-pantalla-2023-11-06-a-las-17.47.55-768x430.png 768w, https:\/\/isidrebartumeu.com\/wp-content\/uploads\/2022\/03\/Captura-de-pantalla-2023-11-06-a-las-17.47.55-1536x860.png 1536w\" sizes=\"auto, (max-width: 1544px) 100vw, 1544px\" \/>                    <\/a>\r\n                <\/div>\r\n                                <div class=\"post-title\">\r\n                    <a class=\"open-post\" href=\"https:\/\/isidrebartumeu.com\/?p=1\"><h2>La meva entrevista a RTVA<\/h2><\/a>\r\n                    <p class=\"post-info\">\r\n                        <span class=\"post-author\">Posted by Esther Garcia<\/span>\r\n                        <span class=\"slash\"><\/span>\r\n                        <span class=\"post-date\">2 de noviembre de 2023<\/span>\r\n                        <span class=\"slash\"><\/span>\r\n                        <span class=\"post-catetory\"><a href=\"https:\/\/isidrebartumeu.com\/?cat=1\" rel=\"category\">Sin categor\u00eda<\/a><\/span>\r\n                                            <\/p>\r\n                <\/div>\r\n                <div class=\"post-body\">\r\n                    <p>Abans de res, moltes gr\u00e0cies per visitar el meu bloc. Si has arribat fins aqui \u00e9s que t'interessa la meva persona i la meva feina, i em sento molt agra\u00eft. El passat 19 d'octubre vaig<\/p>\r\n                    <a class=\"btn read-more-btn open-post\" href=\"https:\/\/isidrebartumeu.com\/?p=1\">\r\n                    Leer mas                    <\/a>\r\n                <\/div>\r\n            <\/div>\r\n                        <div class=\"text-center\">\r\n                                    <\/div>\r\n        <\/div>\r\n    <\/div>\r\n<\/div>\r\n\r\n<\/div><\/div><\/div><\/div><\/section>\n","protected":false},"excerpt":{"rendered":"","protected":false},"author":2,"featured_media":0,"parent":0,"menu_order":0,"comment_status":"closed","ping_status":"closed","template":"","meta":{"footnotes":""},"class_list":["post-207","page","type-page","status-publish","hentry"],"_links":{"self":[{"href":"https:\/\/isidrebartumeu.com\/index.php?rest_route=\/wp\/v2\/pages\/207","targetHints":{"allow":["GET"]}}],"collection":[{"href":"https:\/\/isidrebartumeu.com\/index.php?rest_route=\/wp\/v2\/pages"}],"about":[{"href":"https:\/\/isidrebartumeu.com\/index.php?rest_route=\/wp\/v2\/types\/page"}],"author":[{"embeddable":true,"href":"https:\/\/isidrebartumeu.com\/index.php?rest_route=\/wp\/v2\/users\/2"}],"replies":[{"embeddable":true,"href":"https:\/\/isidrebartumeu.com\/index.php?rest_route=%2Fwp%2Fv2%2Fcomments&post=207"}],"version-history":[{"count":1,"href":"https:\/\/isidrebartumeu.com\/index.php?rest_route=\/wp\/v2\/pages\/207\/revisions"}],"predecessor-version":[{"id":239,"href":"https:\/\/isidrebartumeu.com\/index.php?rest_route=\/wp\/v2\/pages\/207\/revisions\/239"}],"wp:attachment":[{"href":"https:\/\/isidrebartumeu.com\/index.php?rest_route=%2Fwp%2Fv2%2Fmedia&parent=207"}],"curies":[{"name":"wp","href":"https:\/\/api.w.org\/{rel}","templated":true}]}}